{"id":468,"date":"2020-02-24T17:45:34","date_gmt":"2020-02-24T16:45:34","guid":{"rendered":"https:\/\/ads2grid.com\/features\/"},"modified":"2022-01-25T12:00:28","modified_gmt":"2022-01-25T11:00:28","slug":"features","status":"publish","type":"page","link":"https:\/\/ads2grid.com\/fr\/features\/","title":{"rendered":"Fonctionnalit\u00e9s"},"content":{"rendered":"<section class=\"wpb-content-wrapper\"><p>[vc_row bg_type=\u00a0\u00bbimage\u00a0\u00bb parallax_style=\u00a0\u00bbvcpb-vz-jquery\u00a0\u00bb bg_image_new=\u00a0\u00bbid^1964|url^https:\/\/ads2grid.com\/wp-content\/uploads\/sites\/9\/2022\/01\/bg-parallax.jpg|caption^null|alt^null|title^bg-parallax|description^null\u00a0\u00bb bg_image_repeat=\u00a0\u00bbno-repeat\u00a0\u00bb parallax_sense=\u00a0\u00bb40&Prime; el_class=\u00a0\u00bbtext-in-dark\u00a0\u00bb css=\u00a0\u00bb.vc_custom_1641814577604{border-top-width: 1px !important;border-right-width: 1px !important;border-bottom-width: 1px !important;border-left-width: 1px !important;border-left-color: #2b0f41 !important;border-left-style: solid !important;border-right-color: #2b0f41 !important;border-right-style: solid !important;border-top-color: #2b0f41 !important;border-top-style: solid !important;border-bottom-color: #2b0f41 !important;border-bottom-style: solid !important;border-radius: 20px !important;}\u00a0\u00bb][vc_column][vc_empty_space][vc_empty_space height=\u00a0\u00bb10px\u00a0\u00bb][vc_row_inner][vc_column_inner width=\u00a0\u00bb1\/6&Prime;][\/vc_column_inner][vc_column_inner width=\u00a0\u00bb2\/3&Prime;][vc_column_text css=\u00a0\u00bb.vc_custom_1641815750109{margin-bottom: 20px !important;}\u00a0\u00bb]<\/p>\n<h3 class=\"subtitle\" style=\"text-align: center;\">AFFICHAGE DYNAMIQUE<\/h3>\n<h2 style=\"text-align: center;\">Cr\u00e9ez et publiez du contenu de mani\u00e8re intelligente<\/h2>\n<p>[\/vc_column_text][vc_column_text]<\/p>\n<h3 style=\"text-align: center; font-weight: 300;\">Aucune comp\u00e9tence en conception ou technique requise, cr\u00e9ez un contenu accrocheur et publiez sur vos \u00e9crans en quelques minutes. Gagnez du temps avec de puissants outils d&rsquo;automatisation et personnalisez tout en fonction des besoins de votre entreprise<\/h3>\n<p>[\/vc_column_text][\/vc_column_inner][vc_column_inner width=\u00a0\u00bb1\/6&Prime;][\/vc_column_inner][\/vc_row_inner][vc_empty_space height=\u00a0\u00bb10px\u00a0\u00bb][vc_empty_space][\/vc_column][\/vc_row][vc_row][vc_column width=\u00a0\u00bb1\/2&Prime;][vc_empty_space][vc_single_image image=\u00a0\u00bb1604&Prime; img_size=\u00a0\u00bbfull\u00a0\u00bb][\/vc_column][vc_column width=\u00a0\u00bb1\/2&Prime;][vc_empty_space][vc_column_text]<\/p>\n<h3 class=\"subtitle\" style=\"text-align: left;\">CR\u00c9ER<\/h3>\n<h3><strong>Beau design pr\u00eat \u00e0 l&#8217;emploi<\/strong><\/h3>\n<p>Concevez des mises en page sophistiqu\u00e9es avec un \u00e9diteur flexible. Cr\u00e9ez et modifiez votre contenu d&rsquo;affichage num\u00e9rique avec des mod\u00e8les personnalisables, choisissez des widgets pr\u00eats \u00e0 l&#8217;emploi ou cr\u00e9ez une nouvelle mise en page \u00e0 partir de z\u00e9ro. ads2grid est facile \u00e0 utiliser et con\u00e7u pour l&rsquo;utilisateur novice sans avoir besoin de programmes externes.<\/p>\n<p>En plus de tous les formats de fichiers image et vid\u00e9o possibles, vous pouvez \u00e9galement t\u00e9l\u00e9charger des documents Google Office, des PDF et du contenu dynamique via des flux URL, RSS, XML, m\u00e9t\u00e9o ou vid\u00e9o comme Youtube.<\/p>\n<p>Aucune comp\u00e9tence en conception requise[\/vc_column_text]<div class=\"uavc-list-icon uavc-list-icon-wrapper ult-adjust-bottom-margin   \"><ul class=\"uavc-list\"><li><div class=\"uavc-list-content\" id=\"list-icon-wrap-9351\">\n<div class=\"uavc-list-icon  \" data-animation=\"\" data-animation-delay=\"03\" style=\"margin-right:10px;\"><div class=\"ult-just-icon-wrapper  \"><div class=\"align-icon\" style=\"text-align:center;\">\n<div class=\"aio-icon none \"  style=\"color:#ff8a00;font-size:10px;display:inline-block;\">\n\t<i class=\"icomoon-the7-font-the7-arrow-29-2\"><\/i>\n<\/div><\/div><\/div>\n<\/div><span  data-ultimate-target='#list-icon-wrap-9351 .uavc-list-desc'  data-responsive-json-new='{\"font-size\":\"\",\"line-height\":\"\"}'  class=\"uavc-list-desc ult-responsive\" style=\"\">Widgets pr\u00eats \u00e0 l&#8217;emploi<\/span><\/div><\/li><li><div class=\"uavc-list-content\" id=\"list-icon-wrap-7495\">\n<div class=\"uavc-list-icon  \" data-animation=\"\" data-animation-delay=\"03\" style=\"margin-right:10px;\"><div class=\"ult-just-icon-wrapper  \"><div class=\"align-icon\" style=\"text-align:center;\">\n<div class=\"aio-icon none \"  style=\"color:#ff8a00;font-size:10px;display:inline-block;\">\n\t<i class=\"icomoon-the7-font-the7-arrow-29-2\"><\/i>\n<\/div><\/div><\/div>\n<\/div><span  data-ultimate-target='#list-icon-wrap-7495 .uavc-list-desc'  data-responsive-json-new='{\"font-size\":\"\",\"line-height\":\"\"}'  class=\"uavc-list-desc ult-responsive\" style=\"\">Contr\u00f4le de la mise en page<\/span><\/div><\/li><li><div class=\"uavc-list-content\" id=\"list-icon-wrap-8808\">\n<div class=\"uavc-list-icon  \" data-animation=\"\" data-animation-delay=\"03\" style=\"margin-right:10px;\"><div class=\"ult-just-icon-wrapper  \"><div class=\"align-icon\" style=\"text-align:center;\">\n<div class=\"aio-icon none \"  style=\"color:#ff8a00;font-size:10px;display:inline-block;\">\n\t<i class=\"icomoon-the7-font-the7-arrow-29-2\"><\/i>\n<\/div><\/div><\/div>\n<\/div><span  data-ultimate-target='#list-icon-wrap-8808 .uavc-list-desc'  data-responsive-json-new='{\"font-size\":\"\",\"line-height\":\"\"}'  class=\"uavc-list-desc ult-responsive\" style=\"\">Phototh\u00e8ques<\/span><\/div><\/li><\/ul><\/div>[\/vc_column][\/vc_row][vc_row][vc_column width=\u00a0\u00bb1\/2&Prime;][vc_empty_space][vc_column_text]<\/p>\n<h3 class=\"subtitle\" style=\"text-align: left;\">PUBLIER<\/h3>\n<h3><strong>Publiez sur des centaines d&rsquo;\u00e9crans en 1 clic<\/strong><\/h3>\n<p>Organisez vos appareils en groupes et publiez votre contenu en temps r\u00e9el ou selon un calendrier du groupe de votre choix, quand vous le souhaitez.<\/p>\n<p>Aucune comp\u00e9tence technique requise[\/vc_column_text]<div class=\"uavc-list-icon uavc-list-icon-wrapper ult-adjust-bottom-margin   \"><ul class=\"uavc-list\"><li><div class=\"uavc-list-content\" id=\"list-icon-wrap-6594\">\n<div class=\"uavc-list-icon  \" data-animation=\"\" data-animation-delay=\"03\" style=\"margin-right:10px;\"><div class=\"ult-just-icon-wrapper  \"><div class=\"align-icon\" style=\"text-align:center;\">\n<div class=\"aio-icon none \"  style=\"color:#ff8a00;font-size:10px;display:inline-block;\">\n\t<i class=\"icomoon-the7-font-the7-arrow-29-2\"><\/i>\n<\/div><\/div><\/div>\n<\/div><span  data-ultimate-target='#list-icon-wrap-6594 .uavc-list-desc'  data-responsive-json-new='{\"font-size\":\"\",\"line-height\":\"\"}'  class=\"uavc-list-desc ult-responsive\" style=\"\">Calendrier<\/span><\/div><\/li><li><div class=\"uavc-list-content\" id=\"list-icon-wrap-7705\">\n<div class=\"uavc-list-icon  \" data-animation=\"\" data-animation-delay=\"03\" style=\"margin-right:10px;\"><div class=\"ult-just-icon-wrapper  \"><div class=\"align-icon\" style=\"text-align:center;\">\n<div class=\"aio-icon none \"  style=\"color:#ff8a00;font-size:10px;display:inline-block;\">\n\t<i class=\"icomoon-the7-font-the7-arrow-29-2\"><\/i>\n<\/div><\/div><\/div>\n<\/div><span  data-ultimate-target='#list-icon-wrap-7705 .uavc-list-desc'  data-responsive-json-new='{\"font-size\":\"\",\"line-height\":\"\"}'  class=\"uavc-list-desc ult-responsive\" style=\"\">Gestion des groupes d&rsquo;appareils<\/span><\/div><\/li><li><div class=\"uavc-list-content\" id=\"list-icon-wrap-5974\">\n<div class=\"uavc-list-icon  \" data-animation=\"\" data-animation-delay=\"03\" style=\"margin-right:10px;\"><div class=\"ult-just-icon-wrapper  \"><div class=\"align-icon\" style=\"text-align:center;\">\n<div class=\"aio-icon none \"  style=\"color:#ff8a00;font-size:10px;display:inline-block;\">\n\t<i class=\"icomoon-the7-font-the7-arrow-29-2\"><\/i>\n<\/div><\/div><\/div>\n<\/div><span  data-ultimate-target='#list-icon-wrap-5974 .uavc-list-desc'  data-responsive-json-new='{\"font-size\":\"\",\"line-height\":\"\"}'  class=\"uavc-list-desc ult-responsive\" style=\"\">1 clic publier<\/span><\/div><\/li><\/ul><\/div>[\/vc_column][vc_column width=\u00a0\u00bb1\/2&Prime;][vc_empty_space][vc_single_image image=\u00a0\u00bb1608&Prime; img_size=\u00a0\u00bbfull\u00a0\u00bb][\/vc_column][\/vc_row][vc_row][vc_column width=\u00a0\u00bb1\/2&Prime;][vc_empty_space][vc_single_image image=\u00a0\u00bb1606&Prime; img_size=\u00a0\u00bbfull\u00a0\u00bb][\/vc_column][vc_column width=\u00a0\u00bb1\/2&Prime;][vc_empty_space][vc_column_text]<\/p>\n<h3 class=\"subtitle\" style=\"text-align: left;\">MONITEUR<\/h3>\n<h3><strong>Surveiller et contr\u00f4ler<\/strong><\/h3>\n<p>Surveillez vos appareils en temps r\u00e9el et soyez r\u00e9gulier en fonction de la disponibilit\u00e9 de l&rsquo;\u00e9cran.<\/p>\n<p>Validez le contenu avant de le publier \u00e0 l&rsquo;\u00e9cran, avec les autorisations des utilisateurs.[\/vc_column_text]<div class=\"uavc-list-icon uavc-list-icon-wrapper ult-adjust-bottom-margin   \"><ul class=\"uavc-list\"><li><div class=\"uavc-list-content\" id=\"list-icon-wrap-9798\">\n<div class=\"uavc-list-icon  \" data-animation=\"\" data-animation-delay=\"03\" style=\"margin-right:10px;\"><div class=\"ult-just-icon-wrapper  \"><div class=\"align-icon\" style=\"text-align:center;\">\n<div class=\"aio-icon none \"  style=\"color:#ff8a00;font-size:10px;display:inline-block;\">\n\t<i class=\"icomoon-the7-font-the7-arrow-29-2\"><\/i>\n<\/div><\/div><\/div>\n<\/div><span  data-ultimate-target='#list-icon-wrap-9798 .uavc-list-desc'  data-responsive-json-new='{\"font-size\":\"\",\"line-height\":\"\"}'  class=\"uavc-list-desc ult-responsive\" style=\"\">Autorisations de groupe<\/span><\/div><\/li><li><div class=\"uavc-list-content\" id=\"list-icon-wrap-1448\">\n<div class=\"uavc-list-icon  \" data-animation=\"\" data-animation-delay=\"03\" style=\"margin-right:10px;\"><div class=\"ult-just-icon-wrapper  \"><div class=\"align-icon\" style=\"text-align:center;\">\n<div class=\"aio-icon none \"  style=\"color:#ff8a00;font-size:10px;display:inline-block;\">\n\t<i class=\"icomoon-the7-font-the7-arrow-29-2\"><\/i>\n<\/div><\/div><\/div>\n<\/div><span  data-ultimate-target='#list-icon-wrap-1448 .uavc-list-desc'  data-responsive-json-new='{\"font-size\":\"\",\"line-height\":\"\"}'  class=\"uavc-list-desc ult-responsive\" style=\"\">Valider la publication<\/span><\/div><\/li><li><div class=\"uavc-list-content\" id=\"list-icon-wrap-8873\">\n<div class=\"uavc-list-icon  \" data-animation=\"\" data-animation-delay=\"03\" style=\"margin-right:10px;\"><div class=\"ult-just-icon-wrapper  \"><div class=\"align-icon\" style=\"text-align:center;\">\n<div class=\"aio-icon none \"  style=\"color:#ff8a00;font-size:10px;display:inline-block;\">\n\t<i class=\"icomoon-the7-font-the7-arrow-29-2\"><\/i>\n<\/div><\/div><\/div>\n<\/div><span  data-ultimate-target='#list-icon-wrap-8873 .uavc-list-desc'  data-responsive-json-new='{\"font-size\":\"\",\"line-height\":\"\"}'  class=\"uavc-list-desc ult-responsive\" style=\"\">Notification de disponibilit\u00e9<br \/>\n<\/span><\/div><\/li><li><div class=\"uavc-list-content\" id=\"list-icon-wrap-6718\">\n<div class=\"uavc-list-icon  \" data-animation=\"\" data-animation-delay=\"03\" style=\"margin-right:10px;\"><div class=\"ult-just-icon-wrapper  \"><div class=\"align-icon\" style=\"text-align:center;\">\n<div class=\"aio-icon none \"  style=\"color:#ff8a00;font-size:10px;display:inline-block;\">\n\t<i class=\"icomoon-the7-font-the7-arrow-29-2\"><\/i>\n<\/div><\/div><\/div>\n<\/div><span  data-ultimate-target='#list-icon-wrap-6718 .uavc-list-desc'  data-responsive-json-new='{\"font-size\":\"\",\"line-height\":\"\"}'  class=\"uavc-list-desc ult-responsive\" style=\"\">Tableau de bord de sant\u00e9 des appareils<\/span><\/div><\/li><\/ul><\/div>[\/vc_column][\/vc_row][vc_row bg_type=\u00a0\u00bbbg_color\u00a0\u00bb bg_color_value=\u00a0\u00bb#ff8900&Prime; el_class=\u00a0\u00bbwhitetext\u00a0\u00bb][vc_column][vc_empty_space][vc_column_text]<\/p>\n<h2 style=\"text-align: center;\">Pr\u00eat \u00e0 vous lancer avec l&rsquo;affichage num\u00e9rique?<\/h2>\n<p style=\"text-align: center;\">Essayez ads2grid gratuitement pendant 14 jours. Aucune carte de cr\u00e9dit requise. installation en 5 minutes.<\/p>\n<p>[\/vc_column_text][vc_btn title=\u00a0\u00bbD\u00c9MARRER\u00a0\u00bb style=\u00a0\u00bbflat\u00a0\u00bb color=\u00a0\u00bbwhite\u00a0\u00bb size=\u00a0\u00bblg\u00a0\u00bb align=\u00a0\u00bbcenter\u00a0\u00bb link=\u00a0\u00bburl:%2Ffr%2Fdemontration%2F|title:D%C3%89MARRER\u00a0\u00bb el_class=\u00a0\u00bbbtnfootergetstarted\u00a0\u00bb][vc_empty_space height=\u00a0\u00bb10px\u00a0\u00bb][vc_column_text]<\/p>\n<p style=\"text-align: center;\">D\u00e9j\u00e0 client?\u00a0<a style=\"color: #ffffff;\" href=\"https:\/\/app.ads2grid.com\/\">Se connecter<\/a><\/p>\n<p>[\/vc_column_text][vc_empty_space][\/vc_column][\/vc_row]<\/p>\n<\/section>","protected":false},"excerpt":{"rendered":"<p>[vc_row bg_type=\u00a0\u00bbimage\u00a0\u00bb parallax_style=\u00a0\u00bbvcpb-vz-jquery\u00a0\u00bb bg_image_new=\u00a0\u00bbid^1964|url^https:\/\/ads2grid.com\/wp-content\/uploads\/sites\/9\/2022\/01\/bg-parallax.jpg|caption^null|alt^null|title^bg-parallax|description^null\u00a0\u00bb bg_image_repeat=\u00a0\u00bbno-repeat\u00a0\u00bb parallax_sense=\u00a0\u00bb40&Prime; el_class=\u00a0\u00bbtext-in-dark\u00a0\u00bb css=\u00a0\u00bb.vc_custom_1641814577604{border-top-width: 1px !important;border-right-width: 1px !important;border-bottom-width: 1px !important;border-left-width: 1px !important;border-left-color: #2b0f41 !important;border-left-style: solid !important;border-right-color: #2b0f41 !important;border-right-style: solid !important;border-top-color: #2b0f41 !important;border-top-style: solid !important;border-bottom-color: #2b0f41 !important;border-bottom-style: solid !important;border-radius: 20px !important;}\u00a0\u00bb][vc_column][vc_empty_space][vc_empty_space height=\u00a0\u00bb10px\u00a0\u00bb][vc_row_inner][vc_column_inner width=\u00a0\u00bb1\/6&Prime;][\/vc_column_inner][vc_column_inner width=\u00a0\u00bb2\/3&Prime;][vc_column_text css=\u00a0\u00bb.vc_custom_1641815750109{margin-bottom: 20px !important;}\u00a0\u00bb] AFFICHAGE DYNAMIQUE Cr\u00e9ez et publiez du contenu de mani\u00e8re intelligente [\/vc_column_text][vc_column_text] Aucune comp\u00e9tence en conception&hellip;<\/p>\n","protected":false},"author":1,"featured_media":0,"parent":0,"menu_order":0,"comment_status":"closed","ping_status":"closed","template":"","meta":{"footnotes":""},"class_list":["post-468","page","type-page","status-publish","hentry","description-off"],"yoast_head":"<!-- This site is optimized with the Yoast SEO plugin v27.4 - https:\/\/yoast.com\/product\/yoast-seo-wordpress\/ -->\n<title>ads2grid - Fonctionnalit\u00e9s<\/title>\n<meta name=\"robots\" content=\"index, follow, max-snippet:-1, max-image-preview:large, max-video-preview:-1\" \/>\n<link rel=\"canonical\" href=\"https:\/\/ads2grid.com\/fr\/features\/\" \/>\n<meta property=\"og:locale\" content=\"fr_FR\" \/>\n<meta property=\"og:type\" content=\"article\" \/>\n<meta property=\"og:title\" content=\"ads2grid - Fonctionnalit\u00e9s\" \/>\n<meta property=\"og:description\" content=\"[vc_row bg_type=\u00a0\u00bbimage\u00a0\u00bb parallax_style=\u00a0\u00bbvcpb-vz-jquery\u00a0\u00bb bg_image_new=\u00a0\u00bbid^1964|url^https:\/\/ads2grid.com\/wp-content\/uploads\/sites\/9\/2022\/01\/bg-parallax.jpg|caption^null|alt^null|title^bg-parallax|description^null\u00a0\u00bb bg_image_repeat=\u00a0\u00bbno-repeat\u00a0\u00bb parallax_sense=\u00a0\u00bb40&Prime; el_class=\u00a0\u00bbtext-in-dark\u00a0\u00bb css=\u00a0\u00bb.vc_custom_1641814577604{border-top-width: 1px !important;border-right-width: 1px !important;border-bottom-width: 1px !important;border-left-width: 1px !important;border-left-color: #2b0f41 !important;border-left-style: solid !important;border-right-color: #2b0f41 !important;border-right-style: solid !important;border-top-color: #2b0f41 !important;border-top-style: solid !important;border-bottom-color: #2b0f41 !important;border-bottom-style: solid !important;border-radius: 20px !important;}\u00a0\u00bb][vc_column][vc_empty_space][vc_empty_space height=\u00a0\u00bb10px\u00a0\u00bb][vc_row_inner][vc_column_inner width=\u00a0\u00bb1\/6&Prime;][\/vc_column_inner][vc_column_inner width=\u00a0\u00bb2\/3&Prime;][vc_column_text css=\u00a0\u00bb.vc_custom_1641815750109{margin-bottom: 20px !important;}\u00a0\u00bb] AFFICHAGE DYNAMIQUE Cr\u00e9ez et publiez du contenu de mani\u00e8re intelligente [\/vc_column_text][vc_column_text] Aucune comp\u00e9tence en conception&hellip;\" \/>\n<meta property=\"og:url\" content=\"https:\/\/ads2grid.com\/fr\/features\/\" \/>\n<meta property=\"og:site_name\" content=\"ads2grid\" \/>\n<meta property=\"article:modified_time\" content=\"2022-01-25T11:00:28+00:00\" \/>\n<meta name=\"twitter:card\" content=\"summary_large_image\" \/>\n<meta name=\"twitter:label1\" content=\"Dur\u00e9e de lecture estim\u00e9e\" \/>\n\t<meta name=\"twitter:data1\" content=\"2 minutes\" \/>\n<script type=\"application\/ld+json\" class=\"yoast-schema-graph\">{\"@context\":\"https:\\\/\\\/schema.org\",\"@graph\":[{\"@type\":\"WebPage\",\"@id\":\"https:\\\/\\\/ads2grid.com\\\/fr\\\/features\\\/\",\"url\":\"https:\\\/\\\/ads2grid.com\\\/fr\\\/features\\\/\",\"name\":\"ads2grid - Fonctionnalit\u00e9s\",\"isPartOf\":{\"@id\":\"https:\\\/\\\/ads2grid.com\\\/#website\"},\"datePublished\":\"2020-02-24T16:45:34+00:00\",\"dateModified\":\"2022-01-25T11:00:28+00:00\",\"breadcrumb\":{\"@id\":\"https:\\\/\\\/ads2grid.com\\\/fr\\\/features\\\/#breadcrumb\"},\"inLanguage\":\"fr-FR\",\"potentialAction\":[{\"@type\":\"ReadAction\",\"target\":[\"https:\\\/\\\/ads2grid.com\\\/fr\\\/features\\\/\"]}]},{\"@type\":\"BreadcrumbList\",\"@id\":\"https:\\\/\\\/ads2grid.com\\\/fr\\\/features\\\/#breadcrumb\",\"itemListElement\":[{\"@type\":\"ListItem\",\"position\":1,\"name\":\"Accueil\",\"item\":\"https:\\\/\\\/ads2grid.com\\\/fr\\\/\"},{\"@type\":\"ListItem\",\"position\":2,\"name\":\"Fonctionnalit\u00e9s\"}]},{\"@type\":\"WebSite\",\"@id\":\"https:\\\/\\\/ads2grid.com\\\/#website\",\"url\":\"https:\\\/\\\/ads2grid.com\\\/\",\"name\":\"ads2grid\",\"description\":\"\",\"publisher\":{\"@id\":\"https:\\\/\\\/ads2grid.com\\\/#organization\"},\"potentialAction\":[{\"@type\":\"SearchAction\",\"target\":{\"@type\":\"EntryPoint\",\"urlTemplate\":\"https:\\\/\\\/ads2grid.com\\\/?s={search_term_string}\"},\"query-input\":{\"@type\":\"PropertyValueSpecification\",\"valueRequired\":true,\"valueName\":\"search_term_string\"}}],\"inLanguage\":\"fr-FR\"},{\"@type\":\"Organization\",\"@id\":\"https:\\\/\\\/ads2grid.com\\\/#organization\",\"name\":\"ads2grid\",\"url\":\"https:\\\/\\\/ads2grid.com\\\/\",\"logo\":{\"@type\":\"ImageObject\",\"inLanguage\":\"fr-FR\",\"@id\":\"https:\\\/\\\/ads2grid.com\\\/#\\\/schema\\\/logo\\\/image\\\/\",\"url\":\"https:\\\/\\\/ads2grid.com\\\/wp-content\\\/uploads\\\/sites\\\/9\\\/2020\\\/10\\\/icon_ads2grid.png\",\"contentUrl\":\"https:\\\/\\\/ads2grid.com\\\/wp-content\\\/uploads\\\/sites\\\/9\\\/2020\\\/10\\\/icon_ads2grid.png\",\"width\":512,\"height\":512,\"caption\":\"ads2grid\"},\"image\":{\"@id\":\"https:\\\/\\\/ads2grid.com\\\/#\\\/schema\\\/logo\\\/image\\\/\"}}]}<\/script>\n<!-- \/ Yoast SEO plugin. -->","yoast_head_json":{"title":"ads2grid - Fonctionnalit\u00e9s","robots":{"index":"index","follow":"follow","max-snippet":"max-snippet:-1","max-image-preview":"max-image-preview:large","max-video-preview":"max-video-preview:-1"},"canonical":"https:\/\/ads2grid.com\/fr\/features\/","og_locale":"fr_FR","og_type":"article","og_title":"ads2grid - Fonctionnalit\u00e9s","og_description":"[vc_row bg_type=\u00a0\u00bbimage\u00a0\u00bb parallax_style=\u00a0\u00bbvcpb-vz-jquery\u00a0\u00bb bg_image_new=\u00a0\u00bbid^1964|url^https:\/\/ads2grid.com\/wp-content\/uploads\/sites\/9\/2022\/01\/bg-parallax.jpg|caption^null|alt^null|title^bg-parallax|description^null\u00a0\u00bb bg_image_repeat=\u00a0\u00bbno-repeat\u00a0\u00bb parallax_sense=\u00a0\u00bb40&Prime; el_class=\u00a0\u00bbtext-in-dark\u00a0\u00bb css=\u00a0\u00bb.vc_custom_1641814577604{border-top-width: 1px !important;border-right-width: 1px !important;border-bottom-width: 1px !important;border-left-width: 1px !important;border-left-color: #2b0f41 !important;border-left-style: solid !important;border-right-color: #2b0f41 !important;border-right-style: solid !important;border-top-color: #2b0f41 !important;border-top-style: solid !important;border-bottom-color: #2b0f41 !important;border-bottom-style: solid !important;border-radius: 20px !important;}\u00a0\u00bb][vc_column][vc_empty_space][vc_empty_space height=\u00a0\u00bb10px\u00a0\u00bb][vc_row_inner][vc_column_inner width=\u00a0\u00bb1\/6&Prime;][\/vc_column_inner][vc_column_inner width=\u00a0\u00bb2\/3&Prime;][vc_column_text css=\u00a0\u00bb.vc_custom_1641815750109{margin-bottom: 20px !important;}\u00a0\u00bb] AFFICHAGE DYNAMIQUE Cr\u00e9ez et publiez du contenu de mani\u00e8re intelligente [\/vc_column_text][vc_column_text] Aucune comp\u00e9tence en conception&hellip;","og_url":"https:\/\/ads2grid.com\/fr\/features\/","og_site_name":"ads2grid","article_modified_time":"2022-01-25T11:00:28+00:00","twitter_card":"summary_large_image","twitter_misc":{"Dur\u00e9e de lecture estim\u00e9e":"2 minutes"},"schema":{"@context":"https:\/\/schema.org","@graph":[{"@type":"WebPage","@id":"https:\/\/ads2grid.com\/fr\/features\/","url":"https:\/\/ads2grid.com\/fr\/features\/","name":"ads2grid - Fonctionnalit\u00e9s","isPartOf":{"@id":"https:\/\/ads2grid.com\/#website"},"datePublished":"2020-02-24T16:45:34+00:00","dateModified":"2022-01-25T11:00:28+00:00","breadcrumb":{"@id":"https:\/\/ads2grid.com\/fr\/features\/#breadcrumb"},"inLanguage":"fr-FR","potentialAction":[{"@type":"ReadAction","target":["https:\/\/ads2grid.com\/fr\/features\/"]}]},{"@type":"BreadcrumbList","@id":"https:\/\/ads2grid.com\/fr\/features\/#breadcrumb","itemListElement":[{"@type":"ListItem","position":1,"name":"Accueil","item":"https:\/\/ads2grid.com\/fr\/"},{"@type":"ListItem","position":2,"name":"Fonctionnalit\u00e9s"}]},{"@type":"WebSite","@id":"https:\/\/ads2grid.com\/#website","url":"https:\/\/ads2grid.com\/","name":"ads2grid","description":"","publisher":{"@id":"https:\/\/ads2grid.com\/#organization"},"potentialAction":[{"@type":"SearchAction","target":{"@type":"EntryPoint","urlTemplate":"https:\/\/ads2grid.com\/?s={search_term_string}"},"query-input":{"@type":"PropertyValueSpecification","valueRequired":true,"valueName":"search_term_string"}}],"inLanguage":"fr-FR"},{"@type":"Organization","@id":"https:\/\/ads2grid.com\/#organization","name":"ads2grid","url":"https:\/\/ads2grid.com\/","logo":{"@type":"ImageObject","inLanguage":"fr-FR","@id":"https:\/\/ads2grid.com\/#\/schema\/logo\/image\/","url":"https:\/\/ads2grid.com\/wp-content\/uploads\/sites\/9\/2020\/10\/icon_ads2grid.png","contentUrl":"https:\/\/ads2grid.com\/wp-content\/uploads\/sites\/9\/2020\/10\/icon_ads2grid.png","width":512,"height":512,"caption":"ads2grid"},"image":{"@id":"https:\/\/ads2grid.com\/#\/schema\/logo\/image\/"}}]}},"_links":{"self":[{"href":"https:\/\/ads2grid.com\/fr\/wp-json\/wp\/v2\/pages\/468","targetHints":{"allow":["GET"]}}],"collection":[{"href":"https:\/\/ads2grid.com\/fr\/wp-json\/wp\/v2\/pages"}],"about":[{"href":"https:\/\/ads2grid.com\/fr\/wp-json\/wp\/v2\/types\/page"}],"author":[{"embeddable":true,"href":"https:\/\/ads2grid.com\/fr\/wp-json\/wp\/v2\/users\/1"}],"replies":[{"embeddable":true,"href":"https:\/\/ads2grid.com\/fr\/wp-json\/wp\/v2\/comments?post=468"}],"version-history":[{"count":13,"href":"https:\/\/ads2grid.com\/fr\/wp-json\/wp\/v2\/pages\/468\/revisions"}],"predecessor-version":[{"id":2064,"href":"https:\/\/ads2grid.com\/fr\/wp-json\/wp\/v2\/pages\/468\/revisions\/2064"}],"wp:attachment":[{"href":"https:\/\/ads2grid.com\/fr\/wp-json\/wp\/v2\/media?parent=468"}],"curies":[{"name":"wp","href":"https:\/\/api.w.org\/{rel}","templated":true}]}}